{"id":1277,"date":"2015-07-03T17:10:36","date_gmt":"2015-07-03T17:10:36","guid":{"rendered":"http:\/\/www.team-bride.com\/?page_id=1277"},"modified":"2020-08-04T19:54:24","modified_gmt":"2020-08-04T19:54:24","slug":"servicios","status":"publish","type":"page","link":"http:\/\/www.team-bride.com\/?page_id=1277","title":{"rendered":"SERVICIOS"},"content":{"rendered":"<p>[et_pb_section fb_built=&#8221;1&#8243; fullwidth=&#8221;on&#8221; admin_label=&#8221;section&#8221; _builder_version=&#8221;3.17.6&#8243; background_image=&#8221;http:\/\/www.team-bride.com\/wp-content\/uploads\/2020\/07\/CJ-00296.jpg&#8221; custom_padding=&#8221;250px||500px&#8221;][\/et_pb_section][et_pb_section fb_built=&#8221;1&#8243; admin_label=&#8221;section&#8221; _builder_version=&#8221;3.0.47&#8243;][et_pb_row admin_label=&#8221;row&#8221; _builder_version=&#8221;3.0.47&#8243; background_size=&#8221;initial&#8221; background_position=&#8221;top_left&#8221; background_repeat=&#8221;repeat&#8221;][et_pb_column type=&#8221;4_4&#8243; _builder_version=&#8221;3.0.47&#8243; parallax=&#8221;off&#8221; parallax_method=&#8221;on&#8221;][et_pb_text _builder_version=&#8221;3.12.2&#8243; text_line_height=&#8221;2em&#8221; background_size=&#8221;initial&#8221; background_position=&#8221;top_left&#8221; background_repeat=&#8221;repeat&#8221; use_border_color=&#8221;off&#8221;]<\/p>\n<h2><strong><a class=\"row-title\" style=\"color: #f05568;\" title=\"\">Nuestros\u00a0Servicios<\/a><\/strong><\/h2>\n<h4>Planeaci\u00f3n Completa<\/h4>\n<p><strong>\u00a1Tu boda merece un evento memorable!<\/strong><\/p>\n<p>Nuestro compromiso es \u00a0crear una boda que evoque experiencias \u00fanicas para tus invitados y que ustedes, los novios, puedan gozar de la celebraci\u00f3n como otro invitado mas. Despu\u00e9s de todo, ustedes son los invitados de honor.<\/p>\n<p>Nos esforzamos por crear\u00a0la boda que siempre has so\u00f1ado, una boda que refleje tu personalidad y estilo.\u00a0Nos basamos en la visi\u00f3n de nuestros clientes;\u00a0es por eso que nos comprometemos en la coordinaci\u00f3n de todos los aspectos de su boda; ofrecemos el servicio de coordinaci\u00f3n completa porque estamos convencidos de que es la \u00fanica manera de ofrecer un trabajo excepcional.<\/p>\n<p>Nuestras bodas son\u00a0\u00fanicas; son el reflejo de la personalidad y naturaleza de cada una de nuestras parejas.<\/p>\n<p>Para iniciar nuestro servicio es importante una reuni\u00f3n con los novios para conocer su proyecto de boda.<\/p>\n<p>Ofrecemos:<\/p>\n<p>\u2022 Realizaci\u00f3n del cronograma y planeaci\u00f3n de actividades para la boda<\/p>\n<p>\u2022Asesor\u00eda en los tr\u00e1mites y papeles requeridos para la ceremonia<\/p>\n<p>\u2022Acompa\u00f1amiento permanente durante todo el proceso y planeaci\u00f3n.<\/p>\n<p>\u2022Dise\u00f1o de la boda y eventos.<\/p>\n<p>\u2022 Seguimiento y planeaci\u00f3n de todos los detalles.<\/p>\n<p>\u2022 Apoyo y acompa\u00f1amiento con\u00a0la escogencia\u00a0del lugar.<\/p>\n<p>\u2022Acompa\u00f1amiento y b\u00fasqueda\u00a0con la selecci\u00f3n de proveedores.<\/p>\n<p>\u2022Apoyo con la revisi\u00f3n de contratos.<\/p>\n<p>\u2022 Contrataci\u00f3n, seguimiento y comunicaci\u00f3n\u00a0con cada uno de los proveedores seleccionados.<\/p>\n<p>\u2022Dise\u00f1o del cronograma para el d\u00eda de la boda.<\/p>\n<p>\u2022Pr\u00e1ctica y protocolo para la ceremonia y durante la celebraci\u00f3n de la boda.<\/p>\n<p>\u2022Seguimiento al servicio y atenci\u00f3n de alimentos y bebidas durante el evento.<\/p>\n<p>\u2022 Supervisi\u00f3n general del servicio durante el evento.<\/p>\n<p>\u2022Confirmaci\u00f3n de asistencia a la Boda.<\/p>\n<p>\u2022Colaboraci\u00f3n con la b\u00fasqueda\u00a0de transporte y hospedaje.<\/p>\n<p>\u2022Log\u00edstica y Protocolo del evento.<\/p>\n<p>Adem\u00e1s ofrecemos, sin costo adicional la coordinaci\u00f3n y organizaci\u00f3n de los eventos d\u00edas previos y despu\u00e9s de la boda. Nuestro objetivo es ofrecer a los novios y sus\u00a0invitados m\u00e1s que\u00a0una experiencia de un d\u00eda.<\/p>\n<p>&nbsp;<\/p>\n<h4><strong>DMC \u00a0(Gesti\u00f3n\u00a0de\u00a0Log\u00edstica\u00a0para Eventos de Destino)<\/strong><\/h4>\n<p>Team Bride es la Primera y \u00fanica empresa en ofrecer el servicio de Gesti\u00f3n de Log\u00edstica para eventos de destinos. \u00a0Nuestra labor como DMC, es ayudar a Planeadores o Empresas Extranjeras con la planeaci\u00f3n de su evento en la ciudad de Cartagena de Indias. \u00a0Brindamos servicios de consultor\u00eda, planificaci\u00f3n creativa de eventos, gesti\u00f3n de log\u00edstica, para bodas y eventos en Cartagena, Colombia. \u00a0Somos innovadores, dedicados a la ejecuci\u00f3n de cada detalle, con el fin de ofrecer resultados que proporcionar experiencias \u00fanicas y memorables para los asistentes a su evento. \u00a0Nos convertimos en parte de su equipo con el fin asegurar que SU evento se destaque.\u00a0<\/p>\n<p>Con m\u00e1s de 25 a\u00f1os de experiencia trabajando todo tipo de eventos en Cartagena le podemos proporcionar con una gama de los mejores proveedores de la industria del pa\u00eds y de Cartagena a su servicio. Perm\u00edtanos mostrarle que somos realmente una &#8220;nueva dimensi\u00f3n en la Gesti\u00f3n de Logista en eventos de destinos&#8221;.<\/p>\n<p>&nbsp;<\/p>\n<p>[\/et_pb_text][\/et_pb_column][\/et_pb_row][\/et_pb_section][et_pb_section fb_built=&#8221;1&#8243; admin_label=&#8221;section&#8221; _builder_version=&#8221;3.17.6&#8243; background_color=&#8221;#ffffff&#8221; use_background_color_gradient=&#8221;on&#8221; background_color_gradient_start=&#8221;#f46685&#8243; background_color_gradient_end=&#8221;#f3c057&#8243; background_color_gradient_start_position=&#8221;48%&#8221; background_image=&#8221;http:\/\/www.team-bride.com\/wp-content\/uploads\/2020\/07\/Screen-Shot-2020-07-07-at-2.44.40-PM.png&#8221;][et_pb_row admin_label=&#8221;row&#8221; _builder_version=&#8221;3.0.47&#8243; background_size=&#8221;initial&#8221; background_position=&#8221;top_left&#8221; background_repeat=&#8221;repeat&#8221;][et_pb_column type=&#8221;4_4&#8243; _builder_version=&#8221;3.0.47&#8243; parallax=&#8221;off&#8221; parallax_method=&#8221;on&#8221;][et_pb_cta title=&#8221;Consejos en como planear una boda de Destino? \u00a0 \u00a0 \u00a0 \u00a0 \u00a0 \u00a0 \u00a0 \u00a0 \u00a0 \u00a0 \u00a0 Visita Nuestro Blog&#8221; button_url=&#8221;http:\/\/www.team-bride.com\/?page_id=71&#8243; button_text=&#8221;Haz Cl\u00edc Aqu\u00ed&#8221; _builder_version=&#8221;3.16&#8243; body_line_height=&#8221;2em&#8221; background_color=&#8221;none&#8221; background_size=&#8221;initial&#8221; background_position=&#8221;top_left&#8221; background_repeat=&#8221;repeat&#8221; use_border_color=&#8221;off&#8221; button_text_size__hover_enabled=&#8221;off&#8221; button_one_text_size__hover_enabled=&#8221;off&#8221; button_two_text_size__hover_enabled=&#8221;off&#8221; button_text_color__hover_enabled=&#8221;off&#8221; button_one_text_color__hover_enabled=&#8221;off&#8221; button_two_text_color__hover_enabled=&#8221;off&#8221; button_border_width__hover_enabled=&#8221;off&#8221; button_one_border_width__hover_enabled=&#8221;off&#8221; button_two_border_width__hover_enabled=&#8221;off&#8221; button_border_color__hover_enabled=&#8221;off&#8221; button_one_border_color__hover_enabled=&#8221;off&#8221; button_two_border_color__hover_enabled=&#8221;off&#8221; button_border_radius__hover_enabled=&#8221;off&#8221; button_one_border_radius__hover_enabled=&#8221;off&#8221; button_two_border_radius__hover_enabled=&#8221;off&#8221; button_letter_spacing__hover_enabled=&#8221;off&#8221; button_one_letter_spacing__hover_enabled=&#8221;off&#8221; button_two_letter_spacing__hover_enabled=&#8221;off&#8221; button_bg_color__hover_enabled=&#8221;off&#8221; button_one_bg_color__hover_enabled=&#8221;off&#8221; button_two_bg_color__hover_enabled=&#8221;off&#8221;][\/et_pb_cta][\/et_pb_column][\/et_pb_row][\/et_pb_section]<\/p>\n","protected":false},"excerpt":{"rendered":"<p>[et_pb_section fb_built=&#8221;1&#8243; fullwidth=&#8221;on&#8221; admin_label=&#8221;section&#8221; _builder_version=&#8221;3.17.6&#8243; background_image=&#8221;http:\/\/www.team-bride.com\/wp-content\/uploads\/2020\/07\/CJ-00296.jpg&#8221; custom_padding=&#8221;250px||500px&#8221;][\/et_pb_section][et_pb_section fb_built=&#8221;1&#8243; admin_label=&#8221;section&#8221; _builder_version=&#8221;3.0.47&#8243;][et_pb_row admin_label=&#8221;row&#8221; _builder_version=&#8221;3.0.47&#8243; background_size=&#8221;initial&#8221; background_position=&#8221;top_left&#8221; background_repeat=&#8221;repeat&#8221;][et_pb_column type=&#8221;4_4&#8243; _builder_version=&#8221;3.0.47&#8243; parallax=&#8221;off&#8221; parallax_method=&#8221;on&#8221;][et_pb_text _builder_version=&#8221;3.12.2&#8243; text_line_height=&#8221;2em&#8221; background_size=&#8221;initial&#8221; background_position=&#8221;top_left&#8221; background_repeat=&#8221;repeat&#8221; use_border_color=&#8221;off&#8221;] Nuestros\u00a0Servicios Planeaci\u00f3n Completa \u00a1Tu boda merece un evento memorable! Nuestro compromiso es \u00a0crear una boda que evoque experiencias \u00fanicas para tus invitados y que ustedes, los novios, puedan gozar de [&hellip;]<\/p>\n","protected":false},"author":1,"featured_media":0,"parent":0,"menu_order":0,"comment_status":"open","ping_status":"open","template":"","meta":{"footnotes":"","_links_to":"","_links_to_target":""},"class_list":["post-1277","page","type-page","status-publish","hentry"],"_links":{"self":[{"href":"http:\/\/www.team-bride.com\/index.php?rest_route=\/wp\/v2\/pages\/1277","targetHints":{"allow":["GET"]}}],"collection":[{"href":"http:\/\/www.team-bride.com\/index.php?rest_route=\/wp\/v2\/pages"}],"about":[{"href":"http:\/\/www.team-bride.com\/index.php?rest_route=\/wp\/v2\/types\/page"}],"author":[{"embeddable":true,"href":"http:\/\/www.team-bride.com\/index.php?rest_route=\/wp\/v2\/users\/1"}],"replies":[{"embeddable":true,"href":"http:\/\/www.team-bride.com\/index.php?rest_route=%2Fwp%2Fv2%2Fcomments&post=1277"}],"version-history":[{"count":22,"href":"http:\/\/www.team-bride.com\/index.php?rest_route=\/wp\/v2\/pages\/1277\/revisions"}],"predecessor-version":[{"id":3208,"href":"http:\/\/www.team-bride.com\/index.php?rest_route=\/wp\/v2\/pages\/1277\/revisions\/3208"}],"wp:attachment":[{"href":"http:\/\/www.team-bride.com\/index.php?rest_route=%2Fwp%2Fv2%2Fmedia&parent=1277"}],"curies":[{"name":"wp","href":"https:\/\/api.w.org\/{rel}","templated":true}]}}