{"id":1287,"date":"2015-07-03T17:43:59","date_gmt":"2015-07-03T17:43:59","guid":{"rendered":"http:\/\/www.team-bride.com\/?page_id=1287"},"modified":"2020-10-07T18:37:50","modified_gmt":"2020-10-07T18:37:50","slug":"inicio","status":"publish","type":"page","link":"http:\/\/www.team-bride.com\/?page_id=1287","title":{"rendered":"INICIO"},"content":{"rendered":"<p>[et_pb_section fb_built=&#8221;1&#8243; fullwidth=&#8221;on&#8221; custom_padding_last_edited=&#8221;on|desktop&#8221; disabled_on=&#8221;off|off|off&#8221; _builder_version=&#8221;3.17.6&#8243; background_color=&#8221;#f02f9b&#8221; use_background_color_gradient=&#8221;on&#8221; background_color_gradient_start=&#8221;#f46685&#8243; background_color_gradient_end=&#8221;#fcd65a&#8221; background_color_gradient_start_position=&#8221;48%&#8221; background_image=&#8221;http:\/\/www.team-bride.com\/wp-content\/uploads\/2018\/12\/IMG_1297.jpg&#8221; custom_padding=&#8221;80px||500px&#8221; custom_padding__hover_enabled=&#8221;on&#8221;][\/et_pb_section][et_pb_section fb_built=&#8221;1&#8243; inner_shadow=&#8221;on&#8221; _builder_version=&#8221;3.17.6&#8243; background_color=&#8221;#f5f5f5&#8243;][et_pb_row _builder_version=&#8221;3.17.6&#8243;][et_pb_column type=&#8221;4_4&#8243; _builder_version=&#8221;3.0.47&#8243; parallax=&#8221;off&#8221; parallax_method=&#8221;on&#8221;][et_pb_text _builder_version=&#8221;3.17.6&#8243; text_line_height=&#8221;2em&#8221; background_size=&#8221;initial&#8221; background_position=&#8221;top_left&#8221; background_repeat=&#8221;repeat&#8221; text_orientation=&#8221;center&#8221; module_alignment=&#8221;center&#8221; use_border_color=&#8221;off&#8221; border_color=&#8221;#ffffff&#8221; border_style=&#8221;solid&#8221;]<\/p>\n<h3>Narrando Historias de Amor<\/h3>\n<h3>con experiencias inolvidables y eventos memorables<\/h3>\n<p>&nbsp;<\/p>\n<p>Nuestros servicios van mas all\u00e1 de la planeaci\u00f3n y dise\u00f1o de eventos para crear espacios personalizados de las celebraciones y momentos m\u00e1s importantes de la vida. Comenzamos con el ADN de nuestros clientes y utilizando los cinco sentidos, desarollamos ambientes que cuenta la historia de la pareja, con detalles personalizados e inspiradores siempre enfocados en los &nbsp;gusto y deseo de los novios. Nuestro cliente so\u00f1ado es seguro, elegante y se deleita en el viaje creativo del proceso de planificaci\u00f3n y dise\u00f1o de su evento.&nbsp;[\/et_pb_text][\/et_pb_column][\/et_pb_row][\/et_pb_section][et_pb_section fb_built=&#8221;1&#8243; inner_shadow=&#8221;on&#8221; _builder_version=&#8221;3.17.6&#8243; background_color=&#8221;#f5f5f5&#8243; background_image=&#8221;http:\/\/www.team-bride.com\/wp-content\/uploads\/2020\/07\/Screen-Shot-2020-07-07-at-2.43.07-PM.png&#8221;][et_pb_row _builder_version=&#8221;3.17.6&#8243;][et_pb_column type=&#8221;4_4&#8243; _builder_version=&#8221;3.0.47&#8243; parallax=&#8221;off&#8221; parallax_method=&#8221;on&#8221;][et_pb_text _builder_version=&#8221;3.17.6&#8243; background_size=&#8221;initial&#8221; background_position=&#8221;top_left&#8221; background_repeat=&#8221;repeat&#8221; text_orientation=&#8221;center&#8221; module_alignment=&#8221;center&#8221; inline_fonts=&#8221;Andika&#8221;]<\/p>\n<h3><span color=\"#ffffff\" style=\"color: #ffffff;\"><span style=\"caret-color: #ffffff;\">&nbsp;NUESTROS EVENTOS TAL COMO APARECEN EN &nbsp;<\/span><\/span><\/h3>\n<p>[\/et_pb_text][\/et_pb_column][\/et_pb_row][\/et_pb_section][et_pb_section fb_built=&#8221;1&#8243; _builder_version=&#8221;3.0.47&#8243; custom_padding=&#8221;47.65625px|0px|47.65625px|0px|true|false&#8221;][et_pb_row _builder_version=&#8221;3.0.48&#8243; background_size=&#8221;initial&#8221; background_position=&#8221;top_left&#8221; background_repeat=&#8221;repeat&#8221;][et_pb_column type=&#8221;1_5&#8243; _builder_version=&#8221;3.0.47&#8243; parallax=&#8221;off&#8221; parallax_method=&#8221;on&#8221;][et_pb_blurb url=&#8221;https:\/\/www.theknot.com\/real-weddings\/a-rustic-destination-wedding-at-a-church-and-estate-in-cartagena-colombia-album?page=1%20\u2063\u2063&#8221; image=&#8221;http:\/\/www.team-bride.com\/wp-content\/uploads\/2020\/07\/91we72x2mkys.png&#8221; image_max_width=&#8221;72%&#8221; _builder_version=&#8221;3.17.6&#8243;][\/et_pb_blurb][\/et_pb_column][et_pb_column type=&#8221;1_5&#8243; _builder_version=&#8221;3.0.47&#8243; parallax=&#8221;off&#8221; parallax_method=&#8221;on&#8221;][et_pb_blurb url=&#8221;http:\/\/strictlyweddings.com\/blog\/2019\/01\/extravagant-destination-wedding-south-america\/&#8221; image=&#8221;http:\/\/www.team-bride.com\/wp-content\/uploads\/2020\/07\/41pznhczvd57.jpg&#8221; image_max_width=&#8221;68%&#8221; _builder_version=&#8221;3.17.6&#8243;][\/et_pb_blurb][\/et_pb_column][et_pb_column type=&#8221;1_5&#8243; _builder_version=&#8221;3.0.47&#8243; parallax=&#8221;off&#8221; parallax_method=&#8221;on&#8221;][et_pb_blurb url=&#8221;https:\/\/tacariweddings.com\/real-weddings-andrea-and-paul\/&#8221; image=&#8221;http:\/\/www.team-bride.com\/wp-content\/uploads\/2020\/07\/41pu5ndbsy88.jpg&#8221; image_max_width=&#8221;86%&#8221; _builder_version=&#8221;3.17.6&#8243;][\/et_pb_blurb][\/et_pb_column][et_pb_column type=&#8221;1_5&#8243; _builder_version=&#8221;3.0.47&#8243; parallax=&#8221;off&#8221; parallax_method=&#8221;on&#8221;][et_pb_blurb url=&#8221;https:\/\/amorlatinounveiled.com\/cartagena-colombia-wedding\/&#8221; image=&#8221;http:\/\/www.team-bride.com\/wp-content\/uploads\/2020\/07\/527z5r5dklsl.jpg&#8221; image_max_width=&#8221;73%&#8221; _builder_version=&#8221;3.17.6&#8243;][\/et_pb_blurb][\/et_pb_column][et_pb_column type=&#8221;1_5&#8243; _builder_version=&#8221;3.0.47&#8243; parallax=&#8221;off&#8221; parallax_method=&#8221;on&#8221;][et_pb_blurb url=&#8221;https:\/\/offbeatbride.com\/colombia-destination-wedding\/&#8221; image=&#8221;http:\/\/www.team-bride.com\/wp-content\/uploads\/2020\/07\/91uyk3wsjcum.png&#8221; image_max_width=&#8221;78%&#8221; _builder_version=&#8221;3.17.6&#8243;][\/et_pb_blurb][\/et_pb_column][\/et_pb_row][\/et_pb_section][et_pb_section fb_built=&#8221;1&#8243; inner_shadow=&#8221;on&#8221; _builder_version=&#8221;3.17.6&#8243; background_color=&#8221;#f5f5f5&#8243; background_image=&#8221;http:\/\/www.team-bride.com\/wp-content\/uploads\/2020\/07\/Screen-Shot-2020-07-07-at-2.43.07-PM.png&#8221;][et_pb_row custom_padding=&#8221;0px||0px&#8221; _builder_version=&#8221;3.17.6&#8243;][et_pb_column type=&#8221;4_4&#8243; _builder_version=&#8221;3.0.47&#8243; parallax=&#8221;off&#8221; parallax_method=&#8221;on&#8221;][et_pb_text _builder_version=&#8221;3.17.6&#8243; background_size=&#8221;initial&#8221; background_position=&#8221;top_left&#8221; background_repeat=&#8221;repeat&#8221; text_orientation=&#8221;center&#8221; module_alignment=&#8221;center&#8221; inline_fonts=&#8221;Andika&#8221;]<\/p>\n<h4><span color=\"#ffffff\" style=\"color: #ffffff; font-size: small;\"><span style=\"caret-color: #ffffff;\">HABLEMOS<\/span><\/span><\/h4>\n<p>&nbsp;<\/p>\n<h4><span color=\"#ffffff\" style=\"color: #ffffff; font-size: medium;\"><span style=\"caret-color: #ffffff;\">Nos podemos reunir en &nbsp;Atlanta, Cartagena, y por Zoom<\/span><\/span><\/h4>\n<p>&nbsp;<\/p>\n<p><span color=\"#ffffff\" style=\"color: #ffffff; font-size: large;\"><span style=\"caret-color: #ffffff;\"><a href=\"mailto:info@team-bride.com\" style=\"color: #ffffff;\">info@team-bride.com<\/a><\/span><\/span><\/p>\n<p>&nbsp;<\/p>\n<p><span color=\"#ffffff\" style=\"color: #ffffff; font-size: large;\"><span style=\"caret-color: #ffffff;\">Atlanta &nbsp;+1 513 331 9071<\/span><\/span><\/p>\n<p>&nbsp;<\/p>\n<p><span color=\"#ffffff\" style=\"color: #ffffff; font-size: large;\"><span style=\"caret-color: #ffffff;\">Cartagena + 57 315 731 6296<\/span><\/span><\/p>\n<p>&nbsp;<\/p>\n<p><span color=\"#ffffff\" style=\"color: #ffffff;\"><span style=\"caret-color: #ffffff;\"><\/span><\/span><\/p>\n<p>&nbsp;[\/et_pb_text][\/et_pb_column][\/et_pb_row][\/et_pb_section][et_pb_section fb_built=&#8221;1&#8243; custom_padding_last_edited=&#8221;on|desktop&#8221; _builder_version=&#8221;3.17.6&#8243; background_color=&#8221;#f3c057&#8243; use_background_color_gradient=&#8221;on&#8221; background_color_gradient_start=&#8221;#f46685&#8243; background_color_gradient_end=&#8221;#fcd65a&#8221; background_color_gradient_start_position=&#8221;48%&#8221; background_image=&#8221;http:\/\/www.team-bride.com\/wp-content\/uploads\/2020\/07\/Screen-Shot-2020-07-07-at-2.44.40-PM.png&#8221; custom_padding_tablet=&#8221;50px|0|50px|0&#8243;][et_pb_row _builder_version=&#8221;3.0.48&#8243; background_size=&#8221;initial&#8221; background_position=&#8221;top_left&#8221; background_repeat=&#8221;repeat&#8221;][et_pb_column type=&#8221;4_4&#8243; _builder_version=&#8221;3.0.47&#8243; parallax=&#8221;off&#8221; parallax_method=&#8221;on&#8221;][et_pb_cta title=&#8221;Consejos en como planear una boda de Destino?                      Visita Nuestro Blog&#8221; button_url=&#8221;http:\/\/www.team-bride.com\/?page_id=71&#8243; button_text=&#8221;Haz Clic Aqui&#8221; _builder_version=&#8221;3.17.6&#8243; body_line_height=&#8221;2em&#8221; background_color=&#8221;none&#8221; background_size=&#8221;initial&#8221; background_position=&#8221;top_left&#8221; background_repeat=&#8221;repeat&#8221; use_border_color=&#8221;off&#8221; button_text_size__hover_enabled=&#8221;off&#8221; button_text_size__hover=&#8221;null&#8221; button_one_text_size__hover_enabled=&#8221;off&#8221; button_one_text_size__hover=&#8221;null&#8221; button_two_text_size__hover_enabled=&#8221;off&#8221; button_two_text_size__hover=&#8221;null&#8221; button_text_color__hover_enabled=&#8221;off&#8221; button_text_color__hover=&#8221;null&#8221; button_one_text_color__hover_enabled=&#8221;off&#8221; button_one_text_color__hover=&#8221;null&#8221; button_two_text_color__hover_enabled=&#8221;off&#8221; button_two_text_color__hover=&#8221;null&#8221; button_border_width__hover_enabled=&#8221;off&#8221; button_border_width__hover=&#8221;null&#8221; button_one_border_width__hover_enabled=&#8221;off&#8221; button_one_border_width__hover=&#8221;null&#8221; button_two_border_width__hover_enabled=&#8221;off&#8221; button_two_border_width__hover=&#8221;null&#8221; button_border_color__hover_enabled=&#8221;off&#8221; button_border_color__hover=&#8221;null&#8221; button_one_border_color__hover_enabled=&#8221;off&#8221; button_one_border_color__hover=&#8221;null&#8221; button_two_border_color__hover_enabled=&#8221;off&#8221; button_two_border_color__hover=&#8221;null&#8221; button_border_radius__hover_enabled=&#8221;off&#8221; button_border_radius__hover=&#8221;null&#8221; button_one_border_radius__hover_enabled=&#8221;off&#8221; button_one_border_radius__hover=&#8221;null&#8221; button_two_border_radius__hover_enabled=&#8221;off&#8221; button_two_border_radius__hover=&#8221;null&#8221; button_letter_spacing__hover_enabled=&#8221;off&#8221; button_letter_spacing__hover=&#8221;null&#8221; button_one_letter_spacing__hover_enabled=&#8221;off&#8221; button_one_letter_spacing__hover=&#8221;null&#8221; button_two_letter_spacing__hover_enabled=&#8221;off&#8221; button_two_letter_spacing__hover=&#8221;null&#8221; button_bg_color__hover_enabled=&#8221;off&#8221; button_bg_color__hover=&#8221;null&#8221; button_one_bg_color__hover_enabled=&#8221;off&#8221; button_one_bg_color__hover=&#8221;null&#8221; button_two_bg_color__hover_enabled=&#8221;off&#8221; button_two_bg_color__hover=&#8221;null&#8221;][\/et_pb_cta][\/et_pb_column][\/et_pb_row][\/et_pb_section][et_pb_section fb_built=&#8221;1&#8243; _builder_version=&#8221;3.17.6&#8243; custom_padding=&#8221;11px||0px&#8221;][et_pb_row custom_padding=&#8221;0px||0px&#8221; _builder_version=&#8221;3.17.6&#8243; background_size=&#8221;initial&#8221; background_position=&#8221;top_left&#8221; background_repeat=&#8221;repeat&#8221;][et_pb_column type=&#8221;1_6&#8243; _builder_version=&#8221;3.0.47&#8243; parallax=&#8221;off&#8221; parallax_method=&#8221;on&#8221;][\/et_pb_column][et_pb_column type=&#8221;1_6&#8243; _builder_version=&#8221;3.0.47&#8243; parallax=&#8221;off&#8221; parallax_method=&#8221;on&#8221;][et_pb_blurb image=&#8221;http:\/\/www.team-bride.com\/wp-content\/uploads\/2020\/07\/Screen-Shot-2020-07-09-at-8.31.15-AM.png&#8221; _builder_version=&#8221;3.17.6&#8243;][\/et_pb_blurb][\/et_pb_column][et_pb_column type=&#8221;1_6&#8243; _builder_version=&#8221;3.0.47&#8243; parallax=&#8221;off&#8221; parallax_method=&#8221;on&#8221;][et_pb_image src=&#8221;http:\/\/www.team-bride.com\/wp-content\/uploads\/2020\/09\/Screen-Shot-2020-08-31-at-7.57.57-PM.png&#8221; _builder_version=&#8221;3.17.6&#8243; max_width=&#8221;77%&#8221; custom_margin=&#8221;8px||&#8221;][\/et_pb_image][\/et_pb_column][et_pb_column type=&#8221;1_6&#8243; _builder_version=&#8221;3.0.47&#8243; parallax=&#8221;off&#8221; parallax_method=&#8221;on&#8221;][et_pb_text _builder_version=&#8221;3.17.6&#8243;]<\/p>\n<p style=\"text-align: right;\"><span style=\"color: #ff6600;\">S\u00edguenos<\/span><\/p>\n<p>[\/et_pb_text][\/et_pb_column][et_pb_column type=&#8221;1_6&#8243; _builder_version=&#8221;3.0.47&#8243; parallax=&#8221;off&#8221; parallax_method=&#8221;on&#8221;][et_pb_blurb url=&#8221;https:\/\/www.instagram.com\/teambridedwp\/&#8221; image=&#8221;http:\/\/www.team-bride.com\/wp-content\/uploads\/2018\/08\/ins-01.png&#8221; image_max_width=&#8221;70%&#8221; _builder_version=&#8221;3.17.6&#8243; background_size=&#8221;initial&#8221; background_position=&#8221;top_left&#8221; background_repeat=&#8221;repeat&#8221; text_orientation=&#8221;center&#8221; max_width=&#8221;70%&#8221;][\/et_pb_blurb][\/et_pb_column][et_pb_column type=&#8221;1_6&#8243; _builder_version=&#8221;3.0.47&#8243; parallax=&#8221;off&#8221; parallax_method=&#8221;on&#8221;][et_pb_blurb url=&#8221;http:\/\/www.pinterest.com\/teambride\/&#8221; image=&#8221;http:\/\/www.team-bride.com\/wp-content\/uploads\/2018\/08\/pint-01-01.png&#8221; image_max_width=&#8221;70%&#8221; _builder_version=&#8221;3.17.6&#8243; background_size=&#8221;initial&#8221; background_position=&#8221;top_left&#8221; background_repeat=&#8221;repeat&#8221; text_orientation=&#8221;center&#8221; max_width=&#8221;70%&#8221; max_width_tablet=&#8221;50px&#8221; module_alignment=&#8221;center&#8221;][\/et_pb_blurb][\/et_pb_column][\/et_pb_row][\/et_pb_section]<\/p>\n","protected":false},"excerpt":{"rendered":"<p>[et_pb_section fb_built=&#8221;1&#8243; fullwidth=&#8221;on&#8221; custom_padding_last_edited=&#8221;on|desktop&#8221; disabled_on=&#8221;off|off|off&#8221; _builder_version=&#8221;3.17.6&#8243; background_color=&#8221;#f02f9b&#8221; use_background_color_gradient=&#8221;on&#8221; background_color_gradient_start=&#8221;#f46685&#8243; background_color_gradient_end=&#8221;#fcd65a&#8221; background_color_gradient_start_position=&#8221;48%&#8221; background_image=&#8221;http:\/\/www.team-bride.com\/wp-content\/uploads\/2018\/12\/IMG_1297.jpg&#8221; custom_padding=&#8221;80px||500px&#8221; custom_padding__hover_enabled=&#8221;on&#8221;][\/et_pb_section][et_pb_section fb_built=&#8221;1&#8243; inner_shadow=&#8221;on&#8221; _builder_version=&#8221;3.17.6&#8243; background_color=&#8221;#f5f5f5&#8243;][et_pb_row _builder_version=&#8221;3.17.6&#8243;][et_pb_column type=&#8221;4_4&#8243; _builder_version=&#8221;3.0.47&#8243; parallax=&#8221;off&#8221; parallax_method=&#8221;on&#8221;][et_pb_text _builder_version=&#8221;3.17.6&#8243; text_line_height=&#8221;2em&#8221; background_size=&#8221;initial&#8221; background_position=&#8221;top_left&#8221; background_repeat=&#8221;repeat&#8221; text_orientation=&#8221;center&#8221; module_alignment=&#8221;center&#8221; use_border_color=&#8221;off&#8221; border_color=&#8221;#ffffff&#8221; border_style=&#8221;solid&#8221;] Narrando Historias de Amor con experiencias inolvidables y eventos memorables &nbsp; Nuestros servicios van mas all\u00e1 de la planeaci\u00f3n y dise\u00f1o de [&hellip;]<\/p>\n","protected":false},"author":1,"featured_media":0,"parent":0,"menu_order":0,"comment_status":"open","ping_status":"open","template":"","meta":{"footnotes":"","_links_to":"","_links_to_target":""},"class_list":["post-1287","page","type-page","status-publish","hentry"],"_links":{"self":[{"href":"http:\/\/www.team-bride.com\/index.php?rest_route=\/wp\/v2\/pages\/1287","targetHints":{"allow":["GET"]}}],"collection":[{"href":"http:\/\/www.team-bride.com\/index.php?rest_route=\/wp\/v2\/pages"}],"about":[{"href":"http:\/\/www.team-bride.com\/index.php?rest_route=\/wp\/v2\/types\/page"}],"author":[{"embeddable":true,"href":"http:\/\/www.team-bride.com\/index.php?rest_route=\/wp\/v2\/users\/1"}],"replies":[{"embeddable":true,"href":"http:\/\/www.team-bride.com\/index.php?rest_route=%2Fwp%2Fv2%2Fcomments&post=1287"}],"version-history":[{"count":71,"href":"http:\/\/www.team-bride.com\/index.php?rest_route=\/wp\/v2\/pages\/1287\/revisions"}],"predecessor-version":[{"id":3337,"href":"http:\/\/www.team-bride.com\/index.php?rest_route=\/wp\/v2\/pages\/1287\/revisions\/3337"}],"wp:attachment":[{"href":"http:\/\/www.team-bride.com\/index.php?rest_route=%2Fwp%2Fv2%2Fmedia&parent=1287"}],"curies":[{"name":"wp","href":"https:\/\/api.w.org\/{rel}","templated":true}]}}