{"id":1484,"date":"2015-08-13T21:34:06","date_gmt":"2015-08-13T21:34:06","guid":{"rendered":"http:\/\/www.team-bride.com\/?page_id=1484"},"modified":"2020-08-04T19:42:18","modified_gmt":"2020-08-04T19:42:18","slug":"clientes-felices","status":"publish","type":"page","link":"http:\/\/www.team-bride.com\/?page_id=1484","title":{"rendered":"CLIENTES FELICES"},"content":{"rendered":"<p>[et_pb_section fb_built=&#8221;1&#8243; fullwidth=&#8221;on&#8221; admin_label=&#8221;section&#8221; _builder_version=&#8221;3.0.74&#8243; background_color=&#8221;#f02f9b&#8221;][et_pb_fullwidth_slider show_pagination=&#8221;off&#8221; _builder_version=&#8221;3.16&#8243; body_line_height=&#8221;2em&#8221; parallax=&#8221;on&#8221; custom_padding=&#8221;300|||&#8221; custom_padding_tablet=&#8221;|||&#8221; button_text_size__hover_enabled=&#8221;off&#8221; button_text_size__hover=&#8221;null&#8221; button_one_text_size__hover_enabled=&#8221;off&#8221; button_one_text_size__hover=&#8221;null&#8221; button_two_text_size__hover_enabled=&#8221;off&#8221; button_two_text_size__hover=&#8221;null&#8221; button_text_color__hover_enabled=&#8221;off&#8221; button_text_color__hover=&#8221;null&#8221; button_one_text_color__hover_enabled=&#8221;off&#8221; button_one_text_color__hover=&#8221;null&#8221; button_two_text_color__hover_enabled=&#8221;off&#8221; button_two_text_color__hover=&#8221;null&#8221; button_border_width__hover_enabled=&#8221;off&#8221; button_border_width__hover=&#8221;null&#8221; button_one_border_width__hover_enabled=&#8221;off&#8221; button_one_border_width__hover=&#8221;null&#8221; button_two_border_width__hover_enabled=&#8221;off&#8221; button_two_border_width__hover=&#8221;null&#8221; button_border_color__hover_enabled=&#8221;off&#8221; button_border_color__hover=&#8221;null&#8221; button_one_border_color__hover_enabled=&#8221;off&#8221; button_one_border_color__hover=&#8221;null&#8221; button_two_border_color__hover_enabled=&#8221;off&#8221; button_two_border_color__hover=&#8221;null&#8221; button_border_radius__hover_enabled=&#8221;off&#8221; button_border_radius__hover=&#8221;null&#8221; button_one_border_radius__hover_enabled=&#8221;off&#8221; button_one_border_radius__hover=&#8221;null&#8221; button_two_border_radius__hover_enabled=&#8221;off&#8221; button_two_border_radius__hover=&#8221;null&#8221; button_letter_spacing__hover_enabled=&#8221;off&#8221; button_letter_spacing__hover=&#8221;null&#8221; button_one_letter_spacing__hover_enabled=&#8221;off&#8221; button_one_letter_spacing__hover=&#8221;null&#8221; button_two_letter_spacing__hover_enabled=&#8221;off&#8221; button_two_letter_spacing__hover=&#8221;null&#8221; button_bg_color__hover_enabled=&#8221;off&#8221; button_bg_color__hover=&#8221;null&#8221; button_one_bg_color__hover_enabled=&#8221;off&#8221; button_one_bg_color__hover=&#8221;null&#8221; button_two_bg_color__hover_enabled=&#8221;off&#8221; button_two_bg_color__hover=&#8221;null&#8221;][et_pb_slide button_link=&#8221;http:\/\/team-bride.com&#8221; use_bg_overlay=&#8221;off&#8221; use_text_overlay=&#8221;off&#8221; _builder_version=&#8221;3.16&#8243; background_image=&#8221;http:\/\/www.team-bride.com\/wp-content\/uploads\/2015\/05\/Collin_Luisa-Team-Bride-Cartagena4.jpg&#8221; background_position=&#8221;top_left&#8221; button_on_hover=&#8221;on&#8221; button_text_size__hover_enabled=&#8221;off&#8221; button_one_text_size__hover_enabled=&#8221;off&#8221; button_two_text_size__hover_enabled=&#8221;off&#8221; button_text_color__hover_enabled=&#8221;off&#8221; button_one_text_color__hover_enabled=&#8221;off&#8221; button_two_text_color__hover_enabled=&#8221;off&#8221; button_border_width__hover_enabled=&#8221;off&#8221; button_one_border_width__hover_enabled=&#8221;off&#8221; button_two_border_width__hover_enabled=&#8221;off&#8221; button_border_color__hover_enabled=&#8221;off&#8221; button_one_border_color__hover_enabled=&#8221;off&#8221; button_two_border_color__hover_enabled=&#8221;off&#8221; button_border_radius__hover_enabled=&#8221;off&#8221; button_one_border_radius__hover_enabled=&#8221;off&#8221; button_two_border_radius__hover_enabled=&#8221;off&#8221; button_letter_spacing__hover_enabled=&#8221;off&#8221; button_one_letter_spacing__hover_enabled=&#8221;off&#8221; button_two_letter_spacing__hover_enabled=&#8221;off&#8221; button_bg_color__hover_enabled=&#8221;off&#8221; button_one_bg_color__hover_enabled=&#8221;off&#8221; button_two_bg_color__hover_enabled=&#8221;off&#8221;][\/et_pb_slide][\/et_pb_fullwidth_slider][\/et_pb_section][et_pb_section fb_built=&#8221;1&#8243; fullwidth=&#8221;on&#8221; admin_label=&#8221;section&#8221; _builder_version=&#8221;3.0.47&#8243;][\/et_pb_section][et_pb_section fb_built=&#8221;1&#8243; inner_shadow=&#8221;on&#8221; admin_label=&#8221;section&#8221; _builder_version=&#8221;3.0.74&#8243; background_color=&#8221;#f5f5f5&#8243;][et_pb_row admin_label=&#8221;row&#8221; _builder_version=&#8221;3.0.47&#8243; background_size=&#8221;initial&#8221; background_position=&#8221;top_left&#8221; background_repeat=&#8221;repeat&#8221;][et_pb_column type=&#8221;4_4&#8243; _builder_version=&#8221;3.0.47&#8243; parallax=&#8221;off&#8221; parallax_method=&#8221;on&#8221;][et_pb_text _builder_version=&#8221;3.12.2&#8243; background_size=&#8221;initial&#8221; background_position=&#8221;top_left&#8221; background_repeat=&#8221;repeat&#8221; text_orientation=&#8221;center&#8221; module_alignment=&#8221;center&#8221;]<\/p>\n<h3>Notas de Amor de Nuestros Clientes<\/h3>\n<h3><span style=\"color: #333333;\">Videos:<\/span><\/h3>\n<p>[\/et_pb_text][\/et_pb_column][\/et_pb_row][\/et_pb_section][et_pb_section fb_built=&#8221;1&#8243; admin_label=&#8221;section&#8221; _builder_version=&#8221;3.0.47&#8243;][et_pb_row admin_label=&#8221;row&#8221; _builder_version=&#8221;3.0.47&#8243; background_size=&#8221;initial&#8221; background_position=&#8221;top_left&#8221; background_repeat=&#8221;repeat&#8221;][et_pb_column type=&#8221;4_4&#8243; _builder_version=&#8221;3.0.47&#8243; parallax=&#8221;off&#8221; parallax_method=&#8221;on&#8221;][et_pb_video_slider controls_color=&#8221;light&#8221; _builder_version=&#8221;3.17.6&#8243;][et_pb_video_slider_item admin_title=&#8221;Monica &amp; Eric&#8221; src=&#8221;http:\/\/www.team-bride.com\/wp-content\/uploads\/2017\/05\/Monica-Eric.mov&#8221; image_src=&#8221;http:\/\/www.team-bride.com\/wp-content\/uploads\/2015\/08\/Screen-Shot-2017-05-09-at-3.47.41-PM.png&#8221; _builder_version=&#8221;3.17.6&#8243; show_image_overlay=&#8221;off&#8221;][\/et_pb_video_slider_item][et_pb_video_slider_item admin_title=&#8221;JEN MANY&#8221; src=&#8221;https:\/\/youtu.be\/hYoipLbSjSc&#8221; image_src=&#8221;http:\/\/www.team-bride.com\/wp-content\/uploads\/2014\/05\/videoThum1.png&#8221; _builder_version=&#8221;3.17.6&#8243; show_image_overlay=&#8221;off&#8221;][\/et_pb_video_slider_item][et_pb_video_slider_item admin_title=&#8221;Jared &amp; Tricia&#8221; src=&#8221;http:\/\/www.team-bride.com\/wp-content\/uploads\/2017\/05\/Tricia-Jared.mov&#8221; image_src=&#8221;http:\/\/www.team-bride.com\/wp-content\/uploads\/2017\/05\/Screen-Shot-2017-05-09-at-11.45.43-AM.png&#8221; _builder_version=&#8221;3.17.6&#8243; show_image_overlay=&#8221;off&#8221;][\/et_pb_video_slider_item][et_pb_video_slider_item admin_title=&#8221;Sophia &amp; Katherine&#8221; src=&#8221;http:\/\/www.team-bride.com\/wp-content\/uploads\/2017\/05\/Sophie-Katherine.mov&#8221; image_src=&#8221;http:\/\/www.team-bride.com\/wp-content\/uploads\/2017\/05\/KS-00894.jpg&#8221; _builder_version=&#8221;3.17.6&#8243; show_image_overlay=&#8221;off&#8221;][\/et_pb_video_slider_item][et_pb_video_slider_item admin_title=&#8221;LAURA MARC&#8221; src=&#8221;http:\/\/www.team-bride.com\/wp-content\/uploads\/2015\/06\/MSJ-A-TEAM-BRIDE-HD.mp4&#8243; image_src=&#8221;http:\/\/www.team-bride.com\/wp-content\/uploads\/2014\/05\/videoThum2.png&#8221; _builder_version=&#8221;3.17.6&#8243; show_image_overlay=&#8221;off&#8221;][\/et_pb_video_slider_item][et_pb_video_slider_item admin_title=&#8221;LAURA ERICK&#8221; src=&#8221;http:\/\/www.team-bride.com\/wp-content\/uploads\/2015\/06\/MSJ-A-TEAM-BRIDE-HD1.mp4&#8243; image_src=&#8221;http:\/\/www.team-bride.com\/wp-content\/uploads\/2014\/05\/videoThum3.png&#8221; _builder_version=&#8221;3.17.6&#8243; show_image_overlay=&#8221;off&#8221;][\/et_pb_video_slider_item][et_pb_video_slider_item admin_title=&#8221;MARIA PAULA THIBOLT&#8221; src=&#8221;http:\/\/www.team-bride.com\/wp-content\/uploads\/2015\/06\/Trailer-Final-mov-Small-SD.mp4&#8243; image_src=&#8221;http:\/\/www.team-bride.com\/wp-content\/uploads\/2014\/05\/videoThum4.png&#8221; _builder_version=&#8221;3.17.6&#8243; show_image_overlay=&#8221;off&#8221;][\/et_pb_video_slider_item][et_pb_video_slider_item admin_title=&#8221;Paul Kari&#8221; src=&#8221;http:\/\/www.team-bride.com\/wp-content\/uploads\/2015\/08\/KariPaul-SD.mp4&#8243; image_src=&#8221;http:\/\/www.team-bride.com\/wp-content\/uploads\/2015\/08\/FRA2313.jpg&#8221; _builder_version=&#8221;3.17.6&#8243; show_image_overlay=&#8221;off&#8221;][\/et_pb_video_slider_item][et_pb_video_slider_item admin_title=&#8221;NICK ANNISA&#8221; src=&#8221;https:\/\/youtu.be\/8AK7UWw_IKk&#8221; image_src=&#8221;http:\/\/www.team-bride.com\/wp-content\/uploads\/2014\/05\/videoThum5.png&#8221; _builder_version=&#8221;3.17.6&#8243; show_image_overlay=&#8221;off&#8221;][\/et_pb_video_slider_item][et_pb_video_slider_item admin_title=&#8221;Vincent Juliana&#8221; src=&#8221;http:\/\/www.team-bride.com\/wp-content\/uploads\/2015\/08\/Testimonal-Vincent-Juliana-SD.mp4&#8243; image_src=&#8221;http:\/\/www.team-bride.com\/wp-content\/uploads\/2015\/08\/JV-SneakPeak-59.jpg&#8221; _builder_version=&#8221;3.17.6&#8243; show_image_overlay=&#8221;off&#8221;][\/et_pb_video_slider_item][\/et_pb_video_slider][et_pb_divider color=&#8221;#b5b5b5&#8243; disabled_on=&#8221;on|on|off&#8221; _builder_version=&#8221;3.2&#8243; hide_on_mobile=&#8221;on&#8221;][\/et_pb_divider][et_pb_testimonial _builder_version=&#8221;3.12.2&#8243; background_color=&#8221;#e2e2e2&#8243; background_size=&#8221;initial&#8221; background_position=&#8221;top_left&#8221; background_repeat=&#8221;repeat&#8221; use_border_color=&#8221;off&#8221;]<\/p>\n<p><a href=\"http:\/\/www.team-bride.com\/wp-content\/uploads\/2015\/08\/Jacquelyn-y-Nico-web-efeunodos-293.jpg\"><img loading=\"lazy\" decoding=\"async\" class=\" wp-image-1525 alignleft\" src=\"http:\/\/www.team-bride.com\/wp-content\/uploads\/2015\/08\/Jacquelyn-y-Nico-web-efeunodos-293-684x1024.jpg\" alt=\"Jacquelyn y Nico - web - efeunodos-293\" width=\"135\" height=\"203\" srcset=\"http:\/\/www.team-bride.com\/wp-content\/uploads\/2015\/08\/Jacquelyn-y-Nico-web-efeunodos-293-684x1024.jpg 684w, http:\/\/www.team-bride.com\/wp-content\/uploads\/2015\/08\/Jacquelyn-y-Nico-web-efeunodos-293-200x300.jpg 200w, http:\/\/www.team-bride.com\/wp-content\/uploads\/2015\/08\/Jacquelyn-y-Nico-web-efeunodos-293.jpg 801w\" sizes=\"auto, (max-width: 135px) 100vw, 135px\" \/><\/a><a class=\"row-title\" style=\"color: #f05568;\" title=\"\">Nico and Jacquelyn<\/a><\/p>\n<p>Gina y Clarita,<br \/>\nAhora que todo el bombo de la fiesta ha terminado, Nico y yo s\u00f3lo quer\u00edamos darle las gracias,desde el fondo\u00a0de nuestros corazones, poe la boda m\u00e1s incre\u00edble de nuestras\u00a0vida. Absolutamente\u00a0todo fue\u00a0perfecto, cada detalle era hermosa y totalmente reflejo nuestro esp\u00edritu y el esp\u00edritu de\u00a0Cartagena! La comida deliciosa; la decoraci\u00f3n fue\u00a0elegante pero divertida y \u00a0llena de colorido; la\u00a0m\u00fasica y la iluminaci\u00f3n espectacular,\u00a0y el arco (Me hab\u00eda olvidado de eso) y fue absolutamente m\u00e1gico.Gracias, gracias, gracias por hacer que nuestro d\u00eda tan especial. Chicas\u00a0son INCRE\u00cdBLE !! Por favor, no dude en ponerse\u00a0en contacto con nosotros si necesita cualquier cosa: las\u00a0recomendaremos a todo el mundo, pero si usted necesitan\u00a0materiales de promoci\u00f3n, opiniones, \u00a0por favor no duden en preguntar!<br \/>\nLas queremos mucho!<br \/>\nNico y Jacquelyn&#8221;<\/p>\n<p>[\/et_pb_testimonial][et_pb_testimonial _builder_version=&#8221;3.12.2&#8243; body_line_height=&#8221;2&#8243; background_color=&#8221;#f2f2f2&#8243; background_size=&#8221;initial&#8221; background_position=&#8221;top_left&#8221; background_repeat=&#8221;repeat&#8221; use_border_color=&#8221;off&#8221;]<\/p>\n<p><a href=\"http:\/\/www.team-bride.com\/wp-content\/uploads\/2014\/05\/Gina-Castillo-Alvarez-Designs-for-Team-Bride-Cartagena-Wedding-Boda-en-Cartagen540448_10150956783458366_113576513365_9761114_1843079394_n-1.jpg\"><img loading=\"lazy\" decoding=\"async\" class=\"alignleft wp-image-198 size-thumbnail\" src=\"http:\/\/www.team-bride.com\/wp-content\/uploads\/2014\/05\/Gina-Castillo-Alvarez-Designs-for-Team-Bride-Cartagena-Wedding-Boda-en-Cartagen540448_10150956783458366_113576513365_9761114_1843079394_n-1-150x150.jpg\" alt=\"Gina Castillo-Alvarez Designs for Team Bride-Cartagena Wedding -Boda en Cartagen540448_10150956783458366_113576513365_9761114_1843079394_n-1\" width=\"150\" height=\"150\" \/><\/a><a class=\"row-title\" style=\"color: #f05568;\" title=\"\">Liliana and Andres<\/a><\/p>\n<p>&#8220;Simplemente quer\u00edamos darles las gracias con todo nuestro coraz\u00f3n por tan maravilloso evento, la\u00a0verdad fue m\u00e1s que un sue\u00f1o hecho realidad, creo que haberlas escogido entre tantas personas que\u00a0pod\u00edan realizar nuestro evento, fue un regalo de Dios, porque estoy seguro que nadie hubiera\u00a0podido hacerlo mejor que como ustedes lo hicieron.\u00a0No sentimos nunca que para ustedes hubiera sido un trabajo, siempre sentimos que eran parte de la familia\u00a0apoy\u00e1ndonos para que nuestro matrimonio fuera un suceso que llevaremos en nuestros corazones como lo m\u00e1s\u00a0hermoso\u00a0que hemos vivido, y todo sali\u00f3 tan perfecto, que de verdad creo que decir GRACIAS es demasiado poco para\u00a0expresarles\u00a0nuestra m\u00e1s sincera gratitud.\u00a0Hasta Pronto y ojal\u00e1 podamos volver a encontrarnos, pues personas como ustedes siempre marcan las vidas de las\u00a0personas de una manera tan hermosa y maravillosa, que es muy importante que ustedes lo sepan.\u00a0En nombre de Liliana y m\u00edo y de nuestras familias, siempre estaremos eternamente agradecidos con ustedes.\u00a0Nuestros m\u00e1s sinceros afectos. \u00a0Liliana y Andr\u00e9s&#8221;<\/p>\n<p>[\/et_pb_testimonial][et_pb_testimonial _builder_version=&#8221;3.12.2&#8243; body_line_height=&#8221;2&#8243; background_color=&#8221;#e2e2e2&#8243; background_size=&#8221;initial&#8221; background_position=&#8221;top_left&#8221; background_repeat=&#8221;repeat&#8221; use_border_color=&#8221;off&#8221;]<\/p>\n<p><a href=\"http:\/\/www.team-bride.com\/wp-content\/uploads\/2014\/05\/Gina-Castillo-Alvarez-Designs-for-Team-Bride-Cartagena-Wedding-Boda-en-CartagenEAC_6430.jpg\"><img loading=\"lazy\" decoding=\"async\" class=\"alignleft wp-image-196 size-thumbnail\" src=\"http:\/\/www.team-bride.com\/wp-content\/uploads\/2014\/05\/Gina-Castillo-Alvarez-Designs-for-Team-Bride-Cartagena-Wedding-Boda-en-CartagenEAC_6430-150x150.jpg\" alt=\"Gina Castillo-Alvarez Designs for Team Bride-Cartagena Wedding -Boda en CartagenEAC_6430\" width=\"150\" height=\"150\" \/><\/a><a class=\"row-title\" style=\"color: #f05568;\" title=\"\">Bego and Mao<\/a><\/p>\n<p>&#8220;Mauricio y yo quer\u00edamos tomar esta oportunidad para enviarles un mensaje de agradecimiento a\u00a0las dos y tambi\u00e9n a los dem\u00e1s proveedores que jugaron un papel en que nuestra boda fuese un d\u00eda\u00a0tan especial. \u00a0De verdad quedamos super encantados con todo. \u00a0Nos hubiese gustado poder\u00a0agradecer personalmente a cada una de ellos, pero no pudo ser as\u00ed. \u00a0La Casa estaba divina con la decoraci\u00f3n\u00a0y las luces.\u00a0La comida nos encanto, los postres estaban \u00a0que ya no nos entraba ni uno solo mas en la barriguita. \u00a0El Ponque\u00a0divino\u00a0(nos encanto el arequipe!) y os novios perfectos! \u00a0Los meseros fueron fant\u00e1sticos y el servicio sin falta.\u00a0La m\u00fasica nos\u00a0encanto y la Hora Loca la gozamos como ni\u00f1os peque\u00f1os. \u00a0La m\u00fasica de la iglesia&#8230; sin palabras quedaron los invitados\u00a0con lo original que fue. \u00a0Las Flores \u00a0estuvieron divinas y el cochero ( que fue nuestro escolta personal) fue un salvador! \u00a0Y\u00a0vosotras dos&#8230; Pues sin palabras estamos para agradecerles toda vuestra ayuda. \u00a0De Verdad las queremos much\u00edsimos y\u00a0las estamos recomendando a todos cuanto nos escuchan, igual que a nuestros amigos, -que consideran que el\u00a0matrimonio fue el evento del a\u00f1o. \u00a0Las otras parejas que se casan este a\u00f1o del grupo de amigos dicen que hab\u00e9is puesto\u00a0la barra muy, muy alta y Mao y yo estamos de acuerdo. \u00a0Por favor, env\u00eda les este mensajito de nuestra parte a todo el\u00a0mundo y una vez mas agradecemos por haber hecho de nuestra boda el d\u00eda mas m\u00e1gico de nuestras vidas. \u00a0Un abrazo\u00a0muy fuerte para todos, y \u00a0en especial a vosotras dos.\u00a0Bego y Mao&#8221;<\/p>\n<p>[\/et_pb_testimonial][\/et_pb_column][\/et_pb_row][\/et_pb_section][et_pb_section fb_built=&#8221;1&#8243; admin_label=&#8221;section&#8221; _builder_version=&#8221;3.17.6&#8243; use_background_color_gradient=&#8221;on&#8221; background_color_gradient_start=&#8221;#f05568&#8243; background_color_gradient_end=&#8221;#f3c057&#8243; background_image=&#8221;http:\/\/www.team-bride.com\/wp-content\/uploads\/2020\/07\/Screen-Shot-2020-07-07-at-2.44.40-PM.png&#8221;][et_pb_row admin_label=&#8221;row&#8221; _builder_version=&#8221;3.0.47&#8243; background_size=&#8221;initial&#8221; background_position=&#8221;top_left&#8221; background_repeat=&#8221;repeat&#8221;][et_pb_column type=&#8221;4_4&#8243; _builder_version=&#8221;3.0.47&#8243; parallax=&#8221;off&#8221; parallax_method=&#8221;on&#8221;][et_pb_cta title=&#8221;Get Inspired! Visit our Blog!&#8221; button_url=&#8221;http:\/\/www.soimaginative.com\/blog\/&#8221; button_text=&#8221;Click Here&#8221; _builder_version=&#8221;3.16&#8243; background_color=&#8221;none&#8221; background_size=&#8221;initial&#8221; background_position=&#8221;top_left&#8221; background_repeat=&#8221;repeat&#8221; button_text_size__hover_enabled=&#8221;off&#8221; button_text_size__hover=&#8221;null&#8221; button_one_text_size__hover_enabled=&#8221;off&#8221; button_one_text_size__hover=&#8221;null&#8221; button_two_text_size__hover_enabled=&#8221;off&#8221; button_two_text_size__hover=&#8221;null&#8221; button_text_color__hover_enabled=&#8221;off&#8221; button_text_color__hover=&#8221;null&#8221; button_one_text_color__hover_enabled=&#8221;off&#8221; button_one_text_color__hover=&#8221;null&#8221; button_two_text_color__hover_enabled=&#8221;off&#8221; button_two_text_color__hover=&#8221;null&#8221; button_border_width__hover_enabled=&#8221;off&#8221; button_border_width__hover=&#8221;null&#8221; button_one_border_width__hover_enabled=&#8221;off&#8221; button_one_border_width__hover=&#8221;null&#8221; button_two_border_width__hover_enabled=&#8221;off&#8221; button_two_border_width__hover=&#8221;null&#8221; button_border_color__hover_enabled=&#8221;off&#8221; button_border_color__hover=&#8221;null&#8221; button_one_border_color__hover_enabled=&#8221;off&#8221; button_one_border_color__hover=&#8221;null&#8221; button_two_border_color__hover_enabled=&#8221;off&#8221; button_two_border_color__hover=&#8221;null&#8221; button_border_radius__hover_enabled=&#8221;off&#8221; button_border_radius__hover=&#8221;null&#8221; button_one_border_radius__hover_enabled=&#8221;off&#8221; button_one_border_radius__hover=&#8221;null&#8221; button_two_border_radius__hover_enabled=&#8221;off&#8221; button_two_border_radius__hover=&#8221;null&#8221; button_letter_spacing__hover_enabled=&#8221;off&#8221; button_letter_spacing__hover=&#8221;null&#8221; button_one_letter_spacing__hover_enabled=&#8221;off&#8221; button_one_letter_spacing__hover=&#8221;null&#8221; button_two_letter_spacing__hover_enabled=&#8221;off&#8221; button_two_letter_spacing__hover=&#8221;null&#8221; button_bg_color__hover_enabled=&#8221;off&#8221; button_bg_color__hover=&#8221;null&#8221; button_one_bg_color__hover_enabled=&#8221;off&#8221; button_one_bg_color__hover=&#8221;null&#8221; button_two_bg_color__hover_enabled=&#8221;off&#8221; button_two_bg_color__hover=&#8221;null&#8221;][\/et_pb_cta][\/et_pb_column][\/et_pb_row][\/et_pb_section]<\/p>\n","protected":false},"excerpt":{"rendered":"<p>[et_pb_section fb_built=&#8221;1&#8243; fullwidth=&#8221;on&#8221; admin_label=&#8221;section&#8221; _builder_version=&#8221;3.0.74&#8243; background_color=&#8221;#f02f9b&#8221;][et_pb_fullwidth_slider show_pagination=&#8221;off&#8221; _builder_version=&#8221;3.16&#8243; body_line_height=&#8221;2em&#8221; parallax=&#8221;on&#8221; custom_padding=&#8221;300|||&#8221; custom_padding_tablet=&#8221;|||&#8221; button_text_size__hover_enabled=&#8221;off&#8221; button_text_size__hover=&#8221;null&#8221; button_one_text_size__hover_enabled=&#8221;off&#8221; button_one_text_size__hover=&#8221;null&#8221; button_two_text_size__hover_enabled=&#8221;off&#8221; button_two_text_size__hover=&#8221;null&#8221; button_text_color__hover_enabled=&#8221;off&#8221; button_text_color__hover=&#8221;null&#8221; button_one_text_color__hover_enabled=&#8221;off&#8221; button_one_text_color__hover=&#8221;null&#8221; button_two_text_color__hover_enabled=&#8221;off&#8221; button_two_text_color__hover=&#8221;null&#8221; button_border_width__hover_enabled=&#8221;off&#8221; button_border_width__hover=&#8221;null&#8221; button_one_border_width__hover_enabled=&#8221;off&#8221; button_one_border_width__hover=&#8221;null&#8221; button_two_border_width__hover_enabled=&#8221;off&#8221; button_two_border_width__hover=&#8221;null&#8221; button_border_color__hover_enabled=&#8221;off&#8221; button_border_color__hover=&#8221;null&#8221; button_one_border_color__hover_enabled=&#8221;off&#8221; button_one_border_color__hover=&#8221;null&#8221; button_two_border_color__hover_enabled=&#8221;off&#8221; button_two_border_color__hover=&#8221;null&#8221; button_border_radius__hover_enabled=&#8221;off&#8221; button_border_radius__hover=&#8221;null&#8221; button_one_border_radius__hover_enabled=&#8221;off&#8221; button_one_border_radius__hover=&#8221;null&#8221; button_two_border_radius__hover_enabled=&#8221;off&#8221; button_two_border_radius__hover=&#8221;null&#8221; button_letter_spacing__hover_enabled=&#8221;off&#8221; button_letter_spacing__hover=&#8221;null&#8221; button_one_letter_spacing__hover_enabled=&#8221;off&#8221; button_one_letter_spacing__hover=&#8221;null&#8221; button_two_letter_spacing__hover_enabled=&#8221;off&#8221; button_two_letter_spacing__hover=&#8221;null&#8221; button_bg_color__hover_enabled=&#8221;off&#8221; button_bg_color__hover=&#8221;null&#8221; button_one_bg_color__hover_enabled=&#8221;off&#8221; button_one_bg_color__hover=&#8221;null&#8221; button_two_bg_color__hover_enabled=&#8221;off&#8221; button_two_bg_color__hover=&#8221;null&#8221;][et_pb_slide button_link=&#8221;http:\/\/team-bride.com&#8221; [&hellip;]<\/p>\n","protected":false},"author":1,"featured_media":0,"parent":0,"menu_order":0,"comment_status":"open","ping_status":"open","template":"","meta":{"footnotes":"","_links_to":"","_links_to_target":""},"class_list":["post-1484","page","type-page","status-publish","hentry"],"_links":{"self":[{"href":"http:\/\/www.team-bride.com\/index.php?rest_route=\/wp\/v2\/pages\/1484","targetHints":{"allow":["GET"]}}],"collection":[{"href":"http:\/\/www.team-bride.com\/index.php?rest_route=\/wp\/v2\/pages"}],"about":[{"href":"http:\/\/www.team-bride.com\/index.php?rest_route=\/wp\/v2\/types\/page"}],"author":[{"embeddable":true,"href":"http:\/\/www.team-bride.com\/index.php?rest_route=\/wp\/v2\/users\/1"}],"replies":[{"embeddable":true,"href":"http:\/\/www.team-bride.com\/index.php?rest_route=%2Fwp%2Fv2%2Fcomments&post=1484"}],"version-history":[{"count":37,"href":"http:\/\/www.team-bride.com\/index.php?rest_route=\/wp\/v2\/pages\/1484\/revisions"}],"predecessor-version":[{"id":3187,"href":"http:\/\/www.team-bride.com\/index.php?rest_route=\/wp\/v2\/pages\/1484\/revisions\/3187"}],"wp:attachment":[{"href":"http:\/\/www.team-bride.com\/index.php?rest_route=%2Fwp%2Fv2%2Fmedia&parent=1484"}],"curies":[{"name":"wp","href":"https:\/\/api.w.org\/{rel}","templated":true}]}}