{"id":362,"date":"2014-06-27T01:40:44","date_gmt":"2014-06-27T01:40:44","guid":{"rendered":"http:\/\/www.soimaginative.com\/?page_id=362"},"modified":"2020-08-04T19:52:36","modified_gmt":"2020-08-04T19:52:36","slug":"el-equipo","status":"publish","type":"page","link":"http:\/\/www.team-bride.com\/?page_id=362","title":{"rendered":"NUESTRO EQUIPO"},"content":{"rendered":"<p>[et_pb_section fb_built=&#8221;1&#8243; inner_shadow=&#8221;on&#8221; custom_padding_last_edited=&#8221;on|desktop&#8221; admin_label=&#8221;section&#8221; _builder_version=&#8221;3.0.74&#8243; background_color=&#8221;#ffffff&#8221; custom_padding_tablet=&#8221;50px|0|50px|0&#8243; transparent_background=&#8221;off&#8221; padding_mobile=&#8221;off&#8221;][et_pb_row admin_label=&#8221;row&#8221; _builder_version=&#8221;3.0.47&#8243; background_size=&#8221;initial&#8221; background_position=&#8221;top_left&#8221; background_repeat=&#8221;repeat&#8221;][et_pb_column type=&#8221;1_2&#8243; _builder_version=&#8221;3.0.47&#8243; parallax=&#8221;off&#8221; parallax_method=&#8221;on&#8221;][et_pb_text _builder_version=&#8221;3.12.2&#8243; background_size=&#8221;initial&#8221; background_position=&#8221;top_left&#8221; background_repeat=&#8221;repeat&#8221;]<\/p>\n<h2><strong><a class=\"row-title\" style=\"color: #f05568;\" title=\"\">Qui\u00e9nes Somos<\/a><\/strong><\/h2>\n<p>&nbsp;[\/et_pb_text][et_pb_text _builder_version=&#8221;3.12.2&#8243; background_size=&#8221;initial&#8221; background_position=&#8221;top_left&#8221; background_repeat=&#8221;repeat&#8221; use_border_color=&#8221;off&#8221;]<span style=\"font-size: large;\"><strong><a class=\"row-title\" style=\"color: #f05568;\" title=\"\">Gina Castillo Alvarez<\/a> <\/strong><\/span><\/p>\n<p>Gina es la fundadora y la parte creativa de Team Bride. Es creativa, innovadora y altamente capacitada. Tiene amplia experiencia en dise\u00f1o y planeaci\u00f3n de eventos, ya que durante su vida laboral se desempe\u00f1o durante ocho a\u00f1os como Coordinadora de Eventos en el Centro de Convenciones de Cartagena de Indias, experiencia que hoy pone en practica como planeadora de bodas.&nbsp;Gina es mucho mas que la t\u00edpica Wedding Planner porque para ella es importante marcar una diferencia, dise\u00f1ando bodas que sean mas que un evento que generen una experiencia \u00fanica para las parejas y cada uno de los invitados; aplica su visi\u00f3n art\u00edstica, las ultimas tendencias y su experiencia en el desarrollo de cada evento. <em>Cada una de las bodas que dise\u00f1a son un reflejo &nbsp; de la historia y &nbsp;&nbsp;visi\u00f3n&nbsp;de cada pareja.<\/em>&nbsp; Gina es Historiadora de Arte y Pintura, titulo que obtuvo de Wesleyan College en Georgia; tambi\u00e9n cuenta &nbsp;con una Maestr\u00eda &nbsp;en Humanidades de la Universidad de Wright State en Ohio, Estados Unidos. Anualmente asiste y participa a numerosos seminarios y convenciones para mantenerse al d\u00eda con las tendencias de la industria y llenar los requisitos de la ABC (Asociaci\u00f3n Mundial de Planeadores de Bodas). Gina trabaja desde Atlanta en Estados Unidos, y desde Cartagena, en Colombia, cuando el trabajo as\u00ed lo requiere. Gina ha estado casada por mas de 30 a\u00f1os con el amor de su vida, Roddy Alvarez, &nbsp;y tienen una preciosa hija, Daniella, testimonio de un amor verdadero.[\/et_pb_text][et_pb_divider show_divider=&#8221;off&#8221; disabled_on=&#8221;on|on|off&#8221; _builder_version=&#8221;3.2&#8243;][\/et_pb_divider][\/et_pb_column][et_pb_column type=&#8221;1_2&#8243; _builder_version=&#8221;3.0.47&#8243; parallax=&#8221;off&#8221; parallax_method=&#8221;on&#8221;][et_pb_image src=&#8221;http:\/\/www.team-bride.com\/wp-content\/uploads\/2014\/05\/Profiels-01.png&#8221; _builder_version=&#8221;3.0.87&#8243; animation_style=&#8221;slide&#8221; animation_direction=&#8221;left&#8221; animation_duration=&#8221;500ms&#8221; animation_intensity_slide=&#8221;10%&#8221; use_border_color=&#8221;off&#8221; border_color=&#8221;#ffffff&#8221; border_style=&#8221;solid&#8221; animation=&#8221;left&#8221; sticky=&#8221;off&#8221;][\/et_pb_image][et_pb_divider show_divider=&#8221;off&#8221; disabled_on=&#8221;on|on|off&#8221; _builder_version=&#8221;3.2&#8243;][\/et_pb_divider][et_pb_divider show_divider=&#8221;off&#8221; disabled_on=&#8221;on|on|off&#8221; _builder_version=&#8221;3.2&#8243;][\/et_pb_divider][\/et_pb_column][\/et_pb_row][et_pb_row admin_label=&#8221;row&#8221; _builder_version=&#8221;3.0.47&#8243; background_size=&#8221;initial&#8221; background_position=&#8221;top_left&#8221; background_repeat=&#8221;repeat&#8221;][et_pb_column type=&#8221;1_3&#8243; _builder_version=&#8221;3.0.47&#8243; parallax=&#8221;off&#8221; parallax_method=&#8221;on&#8221;][et_pb_image src=&#8221;http:\/\/www.team-bride.com\/wp-content\/uploads\/2015\/06\/CLARITAT-683&#215;1024-01.png&#8221; _builder_version=&#8221;3.0.87&#8243; animation_style=&#8221;slide&#8221; animation_direction=&#8221;left&#8221; animation_duration=&#8221;500ms&#8221; animation_intensity_slide=&#8221;10%&#8221; use_border_color=&#8221;off&#8221; border_color=&#8221;#ffffff&#8221; border_style=&#8221;solid&#8221; animation=&#8221;left&#8221; sticky=&#8221;off&#8221;][\/et_pb_image][\/et_pb_column][et_pb_column type=&#8221;2_3&#8243; _builder_version=&#8221;3.0.47&#8243; parallax=&#8221;off&#8221; parallax_method=&#8221;on&#8221;][et_pb_text _builder_version=&#8221;3.12.2&#8243; background_size=&#8221;initial&#8221; background_position=&#8221;top_left&#8221; background_repeat=&#8221;repeat&#8221; use_border_color=&#8221;off&#8221;]<span style=\"font-size: large;\"><strong><a class=\"row-title\" style=\"color: #f05568;\" title=\"\">Clarita Torres<\/a><\/strong><\/span><\/p>\n<p>Clarita llega a Cartagena Team Bride su pasi\u00f3n y compromiso con la excelencia y calidad desempe\u00f1andose como Coordinadora de Eventos. Es amante de su ciudad natal y se le nota el amor, la pasi\u00f3n y el orgullo al hablar de todo lo que la ciudad de Cartagena brinda y puede ofrecer, &nbsp;especialmente para bodas y eventos \u00fanicos. Su dedicaci\u00f3n, compromiso , entusiasmo, y su impecable sentido del estilo son herramientas claves para hacer que de cada una de nuestras bodas este llenas de detalles con buen gusto. La apasionan las flores y la buena cocina, elementos que supervisa con detenimiento para cada una de nuestras novias.<\/p>\n<p>Le encanta mantenerse al d\u00eda con todo lo que concierne a las bodas, por lo tanto es la primera en sugerir asistir a conferencias y capacitaciones con el fin de aprender y entregarnos lo mejor y las ultimas tendencias a cada una de la bodas de nuestras novias.<\/p>\n<p>Clarita, ademas de estar vinculada al sector bancario durante muchos a\u00f1os, se desempe\u00f1o como Gerente del Club Cartagena, Club social muy importante de la ciudad, &nbsp; durante cinco a\u00f1os, aport\u00e1ndole amplia e invaluable experiencia en la organizaci\u00f3n y desarrollo de eventos sociales. Estudio Administraci\u00f3n de Empresas en Atlanta, GA. Clarita trabaja desde Cartagena y es el contacto principal de Cartagena Team Bride en Cartagena y en Colombia. Esta casada desde hace mas de 25 a\u00f1os con Miguel Stambulie, y es la mama Suad Cristina y Victoria.[\/et_pb_text][\/et_pb_column][\/et_pb_row][et_pb_row _builder_version=&#8221;3.17.6&#8243;][et_pb_column type=&#8221;4_4&#8243; _builder_version=&#8221;3.17.6&#8243; parallax=&#8221;off&#8221; parallax_method=&#8221;on&#8221;][et_pb_gallery gallery_ids=&#8221;3104,3103,3106,3100&#8243; _builder_version=&#8221;3.17.6&#8243;][\/et_pb_gallery][et_pb_gallery gallery_ids=&#8221;3143,3105,3101,3102&#8243; _builder_version=&#8221;3.17.6&#8243;][\/et_pb_gallery][\/et_pb_column][\/et_pb_row][\/et_pb_section][et_pb_section fb_built=&#8221;1&#8243; admin_label=&#8221;section&#8221; _builder_version=&#8221;3.17.6&#8243; background_color=&#8221;#ffffff&#8221; use_background_color_gradient=&#8221;on&#8221; background_color_gradient_start=&#8221;#f46685&#8243; background_color_gradient_end=&#8221;#f3c057&#8243; background_color_gradient_start_position=&#8221;48%&#8221; background_image=&#8221;http:\/\/www.team-bride.com\/wp-content\/uploads\/2020\/07\/Screen-Shot-2020-07-07-at-2.44.40-PM.png&#8221;][et_pb_row admin_label=&#8221;row&#8221; _builder_version=&#8221;3.0.47&#8243; background_size=&#8221;initial&#8221; background_position=&#8221;top_left&#8221; background_repeat=&#8221;repeat&#8221;][et_pb_column type=&#8221;4_4&#8243; _builder_version=&#8221;3.0.47&#8243; parallax=&#8221;off&#8221; parallax_method=&#8221;on&#8221;][et_pb_cta title=&#8221;Consejos en como planear una boda de Destino? \u00a0 \u00a0 \u00a0 \u00a0 \u00a0 \u00a0 \u00a0 \u00a0 \u00a0 \u00a0 \u00a0Visita Nuestro Blog&#8221; button_url=&#8221;http:\/\/www.team-bride.com\/?page_id=71&#8243; button_text=&#8221;Haz cl\u00edc aqu\u00ed&#8221; _builder_version=&#8221;3.16&#8243; body_line_height=&#8221;2em&#8221; background_color=&#8221;none&#8221; background_size=&#8221;initial&#8221; background_position=&#8221;top_left&#8221; background_repeat=&#8221;repeat&#8221; use_border_color=&#8221;off&#8221; button_text_size__hover_enabled=&#8221;off&#8221; button_one_text_size__hover_enabled=&#8221;off&#8221; button_two_text_size__hover_enabled=&#8221;off&#8221; button_text_color__hover_enabled=&#8221;off&#8221; button_one_text_color__hover_enabled=&#8221;off&#8221; button_two_text_color__hover_enabled=&#8221;off&#8221; button_border_width__hover_enabled=&#8221;off&#8221; button_one_border_width__hover_enabled=&#8221;off&#8221; button_two_border_width__hover_enabled=&#8221;off&#8221; button_border_color__hover_enabled=&#8221;off&#8221; button_one_border_color__hover_enabled=&#8221;off&#8221; button_two_border_color__hover_enabled=&#8221;off&#8221; button_border_radius__hover_enabled=&#8221;off&#8221; button_one_border_radius__hover_enabled=&#8221;off&#8221; button_two_border_radius__hover_enabled=&#8221;off&#8221; button_letter_spacing__hover_enabled=&#8221;off&#8221; button_one_letter_spacing__hover_enabled=&#8221;off&#8221; button_two_letter_spacing__hover_enabled=&#8221;off&#8221; button_bg_color__hover_enabled=&#8221;off&#8221; button_one_bg_color__hover_enabled=&#8221;off&#8221; button_two_bg_color__hover_enabled=&#8221;off&#8221;][\/et_pb_cta][\/et_pb_column][\/et_pb_row][\/et_pb_section]<\/p>\n","protected":false},"excerpt":{"rendered":"<p>[et_pb_section fb_built=&#8221;1&#8243; inner_shadow=&#8221;on&#8221; custom_padding_last_edited=&#8221;on|desktop&#8221; admin_label=&#8221;section&#8221; _builder_version=&#8221;3.0.74&#8243; background_color=&#8221;#ffffff&#8221; custom_padding_tablet=&#8221;50px|0|50px|0&#8243; transparent_background=&#8221;off&#8221; padding_mobile=&#8221;off&#8221;][et_pb_row admin_label=&#8221;row&#8221; _builder_version=&#8221;3.0.47&#8243; background_size=&#8221;initial&#8221; background_position=&#8221;top_left&#8221; background_repeat=&#8221;repeat&#8221;][et_pb_column type=&#8221;1_2&#8243; _builder_version=&#8221;3.0.47&#8243; parallax=&#8221;off&#8221; parallax_method=&#8221;on&#8221;][et_pb_text _builder_version=&#8221;3.12.2&#8243; background_size=&#8221;initial&#8221; background_position=&#8221;top_left&#8221; background_repeat=&#8221;repeat&#8221;] Qui\u00e9nes Somos &nbsp;[\/et_pb_text][et_pb_text _builder_version=&#8221;3.12.2&#8243; background_size=&#8221;initial&#8221; background_position=&#8221;top_left&#8221; background_repeat=&#8221;repeat&#8221; use_border_color=&#8221;off&#8221;]Gina Castillo Alvarez Gina es la fundadora y la parte creativa de Team Bride. Es creativa, innovadora y altamente capacitada. Tiene amplia experiencia en dise\u00f1o [&hellip;]<\/p>\n","protected":false},"author":1,"featured_media":0,"parent":0,"menu_order":0,"comment_status":"open","ping_status":"open","template":"","meta":{"footnotes":"","_links_to":"","_links_to_target":""},"class_list":["post-362","page","type-page","status-publish","hentry"],"_links":{"self":[{"href":"http:\/\/www.team-bride.com\/index.php?rest_route=\/wp\/v2\/pages\/362","targetHints":{"allow":["GET"]}}],"collection":[{"href":"http:\/\/www.team-bride.com\/index.php?rest_route=\/wp\/v2\/pages"}],"about":[{"href":"http:\/\/www.team-bride.com\/index.php?rest_route=\/wp\/v2\/types\/page"}],"author":[{"embeddable":true,"href":"http:\/\/www.team-bride.com\/index.php?rest_route=\/wp\/v2\/users\/1"}],"replies":[{"embeddable":true,"href":"http:\/\/www.team-bride.com\/index.php?rest_route=%2Fwp%2Fv2%2Fcomments&post=362"}],"version-history":[{"count":25,"href":"http:\/\/www.team-bride.com\/index.php?rest_route=\/wp\/v2\/pages\/362\/revisions"}],"predecessor-version":[{"id":3206,"href":"http:\/\/www.team-bride.com\/index.php?rest_route=\/wp\/v2\/pages\/362\/revisions\/3206"}],"wp:attachment":[{"href":"http:\/\/www.team-bride.com\/index.php?rest_route=%2Fwp%2Fv2%2Fmedia&parent=362"}],"curies":[{"name":"wp","href":"https:\/\/api.w.org\/{rel}","templated":true}]}}